{"id":1030,"date":"2023-02-06T09:16:19","date_gmt":"2023-02-06T09:16:19","guid":{"rendered":"https:\/\/reconnecthub.eu\/?page_id=1030"},"modified":"2023-02-06T13:35:29","modified_gmt":"2023-02-06T13:35:29","slug":"how-to-use-this-site","status":"publish","type":"page","link":"https:\/\/reconnecthub.eu\/hu\/how-to-use-this-site\/","title":{"rendered":"Hogyan haszn\u00e1ld az oldalt?"},"content":{"rendered":"<div data-elementor-type=\"wp-page\" data-elementor-id=\"1030\" class=\"elementor elementor-1030\" data-elementor-post-type=\"page\">\n\t\t\t\t\t\t<section class=\"elementor-section elementor-top-section elementor-element elementor-element-259f0db5 elementor-section-boxed elementor-section-height-default elementor-section-height-default\" data-id=\"259f0db5\" data-element_type=\"section\" data-e-type=\"section\">\n\t\t\t\t\t\t<div class=\"elementor-container elementor-column-gap-default\">\n\t\t\t\t\t<div class=\"elementor-column elementor-col-50 elementor-top-column elementor-element elementor-element-48b81e53\" data-id=\"48b81e53\" data-element_type=\"column\" data-e-type=\"column\">\n\t\t\t<div class=\"elementor-widget-wrap elementor-element-populated\">\n\t\t\t\t\t\t<div class=\"elementor-element elementor-element-3a27f8c1 elementor-widget elementor-widget-text-editor\" data-id=\"3a27f8c1\" data-element_type=\"widget\" data-e-type=\"widget\" data-widget_type=\"text-editor.default\">\n\t\t\t\t<div class=\"elementor-widget-container\">\n\t\t\t\t\t<div class=\"bb-theme-elementor-wrap bb-elementor-custom-family\">\t\t\t\t<p class=\"translation-block\">\u00d6n a k\u00f6rforg\u00e1sos turizmusr\u00f3l sz\u00f3l\u00f3 nemzetk\u00f6zi online egy\u00fcttm\u0171k\u00f6d\u00e9si platformunk <em><strong>nyilv\u00e1nos oldal\u00e1n<\/strong><\/em> van. Ezen az oldalon n\u00e9h\u00e1ny h\u00edrt \u00e9s inform\u00e1ci\u00f3t tal\u00e1l a projektr\u0151l, a partners\u00e9gr\u0151l \u00e9s az online k\u00f6z\u00f6ss\u00e9gi platformr\u00f3l. <strong>A kezd\u0151lap 5 nyelven \u00e9rhet\u0151 el (angol, szlov\u00e9n, litv\u00e1n, litv\u00e1n, olasz, magyar).<\/strong><\/p>\t\t\t\t<\/div>\t\t\t\t<\/div>\n\t\t\t\t<\/div>\n\t\t\t\t<div class=\"elementor-element elementor-element-108a14ca elementor-widget elementor-widget-text-editor\" data-id=\"108a14ca\" data-element_type=\"widget\" data-e-type=\"widget\" data-widget_type=\"text-editor.default\">\n\t\t\t\t<div class=\"elementor-widget-container\">\n\t\t\t\t\t<div class=\"bb-theme-elementor-wrap bb-elementor-custom-family\">\t\t\t\t<p class=\"translation-block\">A kezd\u0151lap <em><strong>fejl\u00e9c\u00e9ben<\/strong><\/em> 5 men\u00fcpont k\u00f6z\u00fcl v\u00e1laszthat: H\u00edrek, Tud\u00e1s \u00e9s J\u00f3 Gyakorlat Gy\u0171jtem\u00e9ny, Interakt\u00edv projekt\u00f6tlet el\u0151\u00e9rt\u00e9kel\u00e9s, El\u00e9rhet\u0151s\u00e9g, Az oldal haszn\u00e1lata.<\/p>\t\t\t\t<\/div>\t\t\t\t<\/div>\n\t\t\t\t<\/div>\n\t\t\t\t<div class=\"elementor-element elementor-element-348dc4eb elementor-widget elementor-widget-text-editor\" data-id=\"348dc4eb\" data-element_type=\"widget\" data-e-type=\"widget\" data-widget_type=\"text-editor.default\">\n\t\t\t\t<div class=\"elementor-widget-container\">\n\t\t\t\t\t<div class=\"bb-theme-elementor-wrap bb-elementor-custom-family\">\t\t\t\t<p class=\"translation-block\">A platform \u00f6sszes funkci\u00f3j\u00e1nak el\u00e9r\u00e9s\u00e9hez <strong>regisztr\u00e1lnia<\/strong> kell. A regisztr\u00e1ci\u00f3hoz kattintson a fejl\u00e9c jobb fels\u0151 sark\u00e1ban tal\u00e1lhat\u00f3 regisztr\u00e1ci\u00f3 gombra. Az oldal haszn\u00e1lati felt\u00e9teleir\u0151l b\u0151vebben a Felhaszn\u00e1l\u00e1si felt\u00e9telek dokumentumban olvashat.<\/p>\t\t\t\t<\/div>\t\t\t\t<\/div>\n\t\t\t\t<\/div>\n\t\t\t\t<div class=\"elementor-element elementor-element-19450d6c elementor-widget elementor-widget-text-editor\" data-id=\"19450d6c\" data-element_type=\"widget\" data-e-type=\"widget\" data-widget_type=\"text-editor.default\">\n\t\t\t\t<div class=\"elementor-widget-container\">\n\t\t\t\t\t<div class=\"bb-theme-elementor-wrap bb-elementor-custom-family\">\t\t\t\t<p class=\"translation-block\">Az el\u00e9rhet\u0151s\u00e9g men\u00fcben tal\u00e1lhat\u00f3 <em><strong>kapcsolatfelv\u00e9teli \u0171rlapon<\/strong><\/em> kereszt\u00fcl k\u00fcldhet nek\u00fcnk \u00fczenetet, de a projektet fejleszt\u0151 partners\u00e9g k\u00f6zvetlen el\u00e9rhet\u0151s\u00e9g\u00e9t is megtal\u00e1lhatja.<\/p>\t\t\t\t<\/div>\t\t\t\t<\/div>\n\t\t\t\t<\/div>\n\t\t\t\t<div class=\"elementor-element elementor-element-16fdce42 elementor-widget elementor-widget-text-editor\" data-id=\"16fdce42\" data-element_type=\"widget\" data-e-type=\"widget\" data-widget_type=\"text-editor.default\">\n\t\t\t\t<div class=\"elementor-widget-container\">\n\t\t\t\t\t<div class=\"bb-theme-elementor-wrap bb-elementor-custom-family\">\t\t\t\t<p class=\"translation-block\">A f\u0151oldal alj\u00e1n <em><strong>feliratkozhat<\/strong><\/em> h\u00edrlevel\u00fcnkre, \u00e9s k\u00f6vethet minket a <em><strong>k\u00f6z\u00f6ss\u00e9gi oldalainkon<\/strong><\/em>.<\/p>\t\t\t\t<\/div>\t\t\t\t<\/div>\n\t\t\t\t<\/div>\n\t\t\t\t\t<\/div>\n\t\t<\/div>\n\t\t\t\t<div class=\"elementor-column elementor-col-50 elementor-top-column elementor-element elementor-element-76f73062\" data-id=\"76f73062\" data-element_type=\"column\" data-e-type=\"column\">\n\t\t\t<div class=\"elementor-widget-wrap elementor-element-populated\">\n\t\t\t\t\t\t<div class=\"elementor-element elementor-element-5b30abc elementor-widget elementor-widget-image\" data-id=\"5b30abc\" data-element_type=\"widget\" data-e-type=\"widget\" data-widget_type=\"image.default\">\n\t\t\t\t<div class=\"elementor-widget-container\">\n\t\t\t\t\t\t\t\t\t\t\t\t\t\t\t<img fetchpriority=\"high\" decoding=\"async\" width=\"640\" height=\"640\" src=\"https:\/\/reconnecthub.eu\/wp-content\/uploads\/2023\/02\/2-1024x1024.png\" class=\"attachment-large size-large wp-image-1072\" alt=\"\" srcset=\"https:\/\/reconnecthub.eu\/wp-content\/uploads\/2023\/02\/2-1024x1024.png 1024w, https:\/\/reconnecthub.eu\/wp-content\/uploads\/2023\/02\/2-300x300.png 300w, https:\/\/reconnecthub.eu\/wp-content\/uploads\/2023\/02\/2-150x150.png 150w, https:\/\/reconnecthub.eu\/wp-content\/uploads\/2023\/02\/2-768x768.png 768w, https:\/\/reconnecthub.eu\/wp-content\/uploads\/2023\/02\/2-624x624.png 624w, https:\/\/reconnecthub.eu\/wp-content\/uploads\/2023\/02\/2.png 1080w\" sizes=\"(max-width: 640px) 100vw, 640px\" \/>\t\t\t\t\t\t\t\t\t\t\t\t\t\t\t<\/div>\n\t\t\t\t<\/div>\n\t\t\t\t\t<\/div>\n\t\t<\/div>\n\t\t\t\t\t<\/div>\n\t\t<\/section>\n\t\t\t\t<section class=\"elementor-section elementor-top-section elementor-element elementor-element-628fa845 elementor-section-boxed elementor-section-height-default elementor-section-height-default\" data-id=\"628fa845\" data-element_type=\"section\" data-e-type=\"section\">\n\t\t\t\t\t\t<div class=\"elementor-container elementor-column-gap-default\">\n\t\t\t\t\t<div class=\"elementor-column elementor-col-33 elementor-top-column elementor-element elementor-element-6849fa03\" data-id=\"6849fa03\" data-element_type=\"column\" data-e-type=\"column\">\n\t\t\t<div class=\"elementor-widget-wrap elementor-element-populated\">\n\t\t\t\t\t\t<div class=\"elementor-element elementor-element-15362e2e elementor-widget elementor-widget-image\" data-id=\"15362e2e\" data-element_type=\"widget\" data-e-type=\"widget\" data-widget_type=\"image.default\">\n\t\t\t\t<div class=\"elementor-widget-container\">\n\t\t\t\t\t\t\t\t\t\t\t\t\t\t\t<img decoding=\"async\" width=\"640\" height=\"640\" src=\"https:\/\/reconnecthub.eu\/wp-content\/uploads\/2023\/02\/3-1024x1024.png\" class=\"attachment-large size-large wp-image-1073\" alt=\"\" srcset=\"https:\/\/reconnecthub.eu\/wp-content\/uploads\/2023\/02\/3-1024x1024.png 1024w, https:\/\/reconnecthub.eu\/wp-content\/uploads\/2023\/02\/3-300x300.png 300w, https:\/\/reconnecthub.eu\/wp-content\/uploads\/2023\/02\/3-150x150.png 150w, https:\/\/reconnecthub.eu\/wp-content\/uploads\/2023\/02\/3-768x768.png 768w, https:\/\/reconnecthub.eu\/wp-content\/uploads\/2023\/02\/3-624x624.png 624w, https:\/\/reconnecthub.eu\/wp-content\/uploads\/2023\/02\/3.png 1080w\" sizes=\"(max-width: 640px) 100vw, 640px\" \/>\t\t\t\t\t\t\t\t\t\t\t\t\t\t\t<\/div>\n\t\t\t\t<\/div>\n\t\t\t\t\t<\/div>\n\t\t<\/div>\n\t\t\t\t<div class=\"elementor-column elementor-col-66 elementor-top-column elementor-element elementor-element-314a5c5f\" data-id=\"314a5c5f\" data-element_type=\"column\" data-e-type=\"column\">\n\t\t\t<div class=\"elementor-widget-wrap elementor-element-populated\">\n\t\t\t\t\t\t<div class=\"elementor-element elementor-element-fe765c7 elementor-widget elementor-widget-text-editor\" data-id=\"fe765c7\" data-element_type=\"widget\" data-e-type=\"widget\" data-widget_type=\"text-editor.default\">\n\t\t\t\t<div class=\"elementor-widget-container\">\n\t\t\t\t\t<div class=\"bb-theme-elementor-wrap bb-elementor-custom-family\">\t\t\t\t<p class=\"translation-block\">A <em><strong>regisztr\u00e1ci\u00f3s oldalon<\/strong><\/em> meg kell adnia a nev\u00e9t, az e-mail c\u00edm\u00e9t \u00e9s a profil t\u00edpus\u00e1t.<\/p>\t\t\t\t<\/div>\t\t\t\t<\/div>\n\t\t\t\t<\/div>\n\t\t\t\t<div class=\"elementor-element elementor-element-2c952196 elementor-widget elementor-widget-text-editor\" data-id=\"2c952196\" data-element_type=\"widget\" data-e-type=\"widget\" data-widget_type=\"text-editor.default\">\n\t\t\t\t<div class=\"elementor-widget-container\">\n\t\t\t\t\t<div class=\"bb-theme-elementor-wrap bb-elementor-custom-family\">\t\t\t\t<p class=\"translation-block\">Miut\u00e1n az \u0171rlapot helyesen kit\u00f6lt\u00f6tte \u00e9s elk\u00fcldte, a megadott e-mail c\u00edmre egy e-mailt fog kapni. Az \u00fczenetben tal\u00e1lhat\u00f3 linkre kattintva <em><strong>aktiv\u00e1lhatja fi\u00f3kj\u00e1t<\/strong><\/em>.<\/p>\t\t\t\t<\/div>\t\t\t\t<\/div>\n\t\t\t\t<\/div>\n\t\t\t\t<div class=\"elementor-element elementor-element-57447f6c elementor-widget elementor-widget-text-editor\" data-id=\"57447f6c\" data-element_type=\"widget\" data-e-type=\"widget\" data-widget_type=\"text-editor.default\">\n\t\t\t\t<div class=\"elementor-widget-container\">\n\t\t\t\t\t<div class=\"bb-theme-elementor-wrap bb-elementor-custom-family\">\t\t\t\t<p class=\"translation-block\">A sikeres aktiv\u00e1l\u00e1s ut\u00e1n a fejl\u00e9c jobb oldal\u00e1n tal\u00e1lhat\u00f3 <em><strong>Bejelentkez\u00e9s<\/strong><\/em> gombra kattintva bejelentkezhet a platformra.<\/p>\t\t\t\t<\/div>\t\t\t\t<\/div>\n\t\t\t\t<\/div>\n\t\t\t\t\t<\/div>\n\t\t<\/div>\n\t\t\t\t\t<\/div>\n\t\t<\/section>\n\t\t\t\t<section class=\"elementor-section elementor-top-section elementor-element elementor-element-44430f46 elementor-section-boxed elementor-section-height-default elementor-section-height-default\" data-id=\"44430f46\" data-element_type=\"section\" data-e-type=\"section\">\n\t\t\t\t\t\t<div class=\"elementor-container elementor-column-gap-default\">\n\t\t\t\t\t<div class=\"elementor-column elementor-col-50 elementor-top-column elementor-element elementor-element-1680f64a\" data-id=\"1680f64a\" data-element_type=\"column\" data-e-type=\"column\">\n\t\t\t<div class=\"elementor-widget-wrap elementor-element-populated\">\n\t\t\t\t\t\t<div class=\"elementor-element elementor-element-14a7d69b elementor-widget elementor-widget-text-editor\" data-id=\"14a7d69b\" data-element_type=\"widget\" data-e-type=\"widget\" data-widget_type=\"text-editor.default\">\n\t\t\t\t<div class=\"elementor-widget-container\">\n\t\t\t\t\t<div class=\"bb-theme-elementor-wrap bb-elementor-custom-family\">\t\t\t\t<p class=\"translation-block\">A bejelentkez\u00e9s ut\u00e1n megjelenik a platform <em><strong>ir\u00e1ny\u00edt\u00f3pultja<\/strong><\/em>. Ez a platform k\u00f6zponti r\u00e9sze, ahonnan minden funkci\u00f3 k\u00f6nnyen el\u00e9rhet\u0151.<\/p>\t\t\t\t<\/div>\t\t\t\t<\/div>\n\t\t\t\t<\/div>\n\t\t\t\t<div class=\"elementor-element elementor-element-1de1374a elementor-widget elementor-widget-text-editor\" data-id=\"1de1374a\" data-element_type=\"widget\" data-e-type=\"widget\" data-widget_type=\"text-editor.default\">\n\t\t\t\t<div class=\"elementor-widget-container\">\n\t\t\t\t\t<div class=\"bb-theme-elementor-wrap bb-elementor-custom-family bb-elementor-custom-size\">\t\t\t\t<p class=\"translation-block\"><strong>Mivel platformunk f\u0151 c\u00e9lja az eur\u00f3pai k\u00f6rforg\u00e1sos turizmusban \u00e9rintett szervezetek \u00e9s szem\u00e9lyek k\u00f6z\u00f6tti nemzetk\u00f6zi egy\u00fcttm\u0171k\u00f6d\u00e9s el\u0151seg\u00edt\u00e9se, k\u00e9rj\u00fck, hogy a platformon angol nyelven kommunik\u00e1ljon!<\/strong><\/p>\t\t\t\t<\/div>\t\t\t\t<\/div>\n\t\t\t\t<\/div>\n\t\t\t\t<div class=\"elementor-element elementor-element-3e45ac2e elementor-widget elementor-widget-text-editor\" data-id=\"3e45ac2e\" data-element_type=\"widget\" data-e-type=\"widget\" data-widget_type=\"text-editor.default\">\n\t\t\t\t<div class=\"elementor-widget-container\">\n\t\t\t\t\t<div class=\"bb-theme-elementor-wrap bb-elementor-custom-family\">\t\t\t\t<p class=\"translation-block\">Itt tal\u00e1lhat\u00f3 egy <em><strong>h\u00edrfolyam<\/strong><\/em> r\u00e9sz, ahol a k\u00f6z\u00f6ss\u00e9gi oldalakhoz hasonl\u00f3an a felhaszn\u00e1l\u00f3k l\u00e1thatj\u00e1k a legfrissebb tev\u00e9kenys\u00e9geket, \u00e9s megoszthatj\u00e1k a h\u00edreket, inform\u00e1ci\u00f3kat \u00e9s m\u00e9diatartalmakat.<\/p>\t\t\t\t<\/div>\t\t\t\t<\/div>\n\t\t\t\t<\/div>\n\t\t\t\t<div class=\"elementor-element elementor-element-2beb0a08 elementor-widget elementor-widget-text-editor\" data-id=\"2beb0a08\" data-element_type=\"widget\" data-e-type=\"widget\" data-widget_type=\"text-editor.default\">\n\t\t\t\t<div class=\"elementor-widget-container\">\n\t\t\t\t\t<div class=\"bb-theme-elementor-wrap bb-elementor-custom-family\">\t\t\t\t<p class=\"translation-block\">A <strong>Profil<\/strong> r\u00e9szben felt\u00f6ltheti profilj\u00e1t \u00e9s bor\u00edt\u00f3k\u00e9p\u00e9t, szerkesztheti profilj\u00e1t \u00e9s megtekintheti m\u00e1s tagok profilj\u00e1t. <em><strong>A platformon a tagok megtekinthetik, k\u00f6vethetik egym\u00e1st \u00e9s bar\u00e1tkozhatnak egym\u00e1ssal.<\/strong><\/em> A tagok bekapcsol\u00f3dhatnak egym\u00e1s bejegyz\u00e9seibe  olyan funkci\u00f3kkal, mint a @mentions, k\u00e9pek, gifek \u00e9s egy\u00e9b. A tagok <em><strong>priv\u00e1t \u00fczeneteket<\/strong><\/em> is k\u00fcldhetnek egy tagnak vagy a tagok egy csoportj\u00e1nak.<\/p>\t\t\t\t<\/div>\t\t\t\t<\/div>\n\t\t\t\t<\/div>\n\t\t\t\t<div class=\"elementor-element elementor-element-78b7a992 elementor-widget elementor-widget-text-editor\" data-id=\"78b7a992\" data-element_type=\"widget\" data-e-type=\"widget\" data-widget_type=\"text-editor.default\">\n\t\t\t\t<div class=\"elementor-widget-container\">\n\t\t\t\t\t<div class=\"bb-theme-elementor-wrap bb-elementor-custom-family\">\t\t\t\t<p class=\"translation-block\">A k\u00f6rforg\u00e1sos turizmussal kapcsolatos <em><strong>tematikus tud\u00e1sanyagok \u00e9s interakt\u00edv funkci\u00f3k<\/strong><\/em> a fejl\u00e9c men\u00fcpontjain kereszt\u00fcl \u00e9rhet\u0151k el.<\/p>\t\t\t\t<\/div>\t\t\t\t<\/div>\n\t\t\t\t<\/div>\n\t\t\t\t\t<\/div>\n\t\t<\/div>\n\t\t\t\t<div class=\"elementor-column elementor-col-50 elementor-top-column elementor-element elementor-element-4e272f49\" data-id=\"4e272f49\" data-element_type=\"column\" data-e-type=\"column\">\n\t\t\t<div class=\"elementor-widget-wrap elementor-element-populated\">\n\t\t\t\t\t\t<div class=\"elementor-element elementor-element-68a2d6be elementor-widget elementor-widget-image\" data-id=\"68a2d6be\" data-element_type=\"widget\" data-e-type=\"widget\" data-widget_type=\"image.default\">\n\t\t\t\t<div class=\"elementor-widget-container\">\n\t\t\t\t\t\t\t\t\t\t\t\t\t\t\t<img decoding=\"async\" width=\"640\" height=\"640\" src=\"https:\/\/reconnecthub.eu\/wp-content\/uploads\/2023\/02\/4-1024x1024.png\" class=\"attachment-large size-large wp-image-1074\" alt=\"\" srcset=\"https:\/\/reconnecthub.eu\/wp-content\/uploads\/2023\/02\/4-1024x1024.png 1024w, https:\/\/reconnecthub.eu\/wp-content\/uploads\/2023\/02\/4-300x300.png 300w, https:\/\/reconnecthub.eu\/wp-content\/uploads\/2023\/02\/4-150x150.png 150w, https:\/\/reconnecthub.eu\/wp-content\/uploads\/2023\/02\/4-768x768.png 768w, https:\/\/reconnecthub.eu\/wp-content\/uploads\/2023\/02\/4-624x624.png 624w, https:\/\/reconnecthub.eu\/wp-content\/uploads\/2023\/02\/4.png 1080w\" sizes=\"(max-width: 640px) 100vw, 640px\" \/>\t\t\t\t\t\t\t\t\t\t\t\t\t\t\t<\/div>\n\t\t\t\t<\/div>\n\t\t\t\t<div class=\"elementor-element elementor-element-42ca4ea1 elementor-align-center elementor-invisible elementor-widget elementor-widget-button\" data-id=\"42ca4ea1\" data-element_type=\"widget\" data-e-type=\"widget\" data-settings=\"{&quot;_animation&quot;:&quot;tada&quot;}\" data-widget_type=\"button.default\">\n\t\t\t\t<div class=\"elementor-widget-container\">\n\t\t\t\t\t\t\t\t\t<div class=\"elementor-button-wrapper\">\n\t\t\t\t\t<a class=\"elementor-button elementor-button-link elementor-size-xl\" href=\"\/register\/\">\n\t\t\t\t\t\t<span class=\"elementor-button-content-wrapper\">\n\t\t\t\t\t\t\t\t\t<span class=\"elementor-button-text\">REGISZTR\u00c1LJANAK MOST \u00c9S CSATLAKOZZANAK A K\u00d6Z\u00d6SS\u00c9GHEZ<\/span>\n\t\t\t\t\t<\/span>\n\t\t\t\t\t<\/a>\n\t\t\t\t<\/div>\n\t\t\t\t\t\t\t\t<\/div>\n\t\t\t\t<\/div>\n\t\t\t\t<div class=\"elementor-element elementor-element-40d517dc elementor-widget elementor-widget-text-editor\" data-id=\"40d517dc\" data-element_type=\"widget\" data-e-type=\"widget\" data-widget_type=\"text-editor.default\">\n\t\t\t\t<div class=\"elementor-widget-container\">\n\t\t\t\t\t<div class=\"bb-theme-elementor-wrap bb-elementor-custom-family\">\t\t\t\t<p><em>Ezt az online fel\u00fcletet \u00fagy alak\u00edtottuk ki, hogy megfeleljen a vonatkoz\u00f3 adatv\u00e9delmi k\u00f6vetelm\u00e9nyeknek, amelyekr\u0151l b\u0151vebben az adatv\u00e9delmi szab\u00e1lyzatunkban olvashat.<\/em><\/p>\t\t\t\t<\/div>\t\t\t\t<\/div>\n\t\t\t\t<\/div>\n\t\t\t\t\t<\/div>\n\t\t<\/div>\n\t\t\t\t\t<\/div>\n\t\t<\/section>\n\t\t\t\t<\/div>","protected":false},"excerpt":{"rendered":"<p>You are on the public page\u00a0of our international online collaborative hub on circular tourism. In this page you can find some news and information about&hellip;<\/p>","protected":false},"author":1,"featured_media":0,"parent":0,"menu_order":0,"comment_status":"closed","ping_status":"closed","template":"","meta":{"footnotes":""},"class_list":["post-1030","page","type-page","status-publish","hentry"],"_links":{"self":[{"href":"https:\/\/reconnecthub.eu\/hu\/wp-json\/wp\/v2\/pages\/1030","targetHints":{"allow":["GET"]}}],"collection":[{"href":"https:\/\/reconnecthub.eu\/hu\/wp-json\/wp\/v2\/pages"}],"about":[{"href":"https:\/\/reconnecthub.eu\/hu\/wp-json\/wp\/v2\/types\/page"}],"author":[{"embeddable":true,"href":"https:\/\/reconnecthub.eu\/hu\/wp-json\/wp\/v2\/users\/1"}],"replies":[{"embeddable":true,"href":"https:\/\/reconnecthub.eu\/hu\/wp-json\/wp\/v2\/comments?post=1030"}],"version-history":[{"count":37,"href":"https:\/\/reconnecthub.eu\/hu\/wp-json\/wp\/v2\/pages\/1030\/revisions"}],"predecessor-version":[{"id":1173,"href":"https:\/\/reconnecthub.eu\/hu\/wp-json\/wp\/v2\/pages\/1030\/revisions\/1173"}],"wp:attachment":[{"href":"https:\/\/reconnecthub.eu\/hu\/wp-json\/wp\/v2\/media?parent=1030"}],"curies":[{"name":"wp","href":"https:\/\/api.w.org\/{rel}","templated":true}]}}