{"id":1030,"date":"2023-02-06T09:16:19","date_gmt":"2023-02-06T09:16:19","guid":{"rendered":"https:\/\/reconnecthub.eu\/?page_id=1030"},"modified":"2023-02-06T13:35:29","modified_gmt":"2023-02-06T13:35:29","slug":"how-to-use-this-site","status":"publish","type":"page","link":"https:\/\/reconnecthub.eu\/lt\/how-to-use-this-site\/","title":{"rendered":"Kaip naudotis svetaine?"},"content":{"rendered":"<div data-elementor-type=\"wp-page\" data-elementor-id=\"1030\" class=\"elementor elementor-1030\" data-elementor-post-type=\"page\">\n\t\t\t\t\t\t<section class=\"elementor-section elementor-top-section elementor-element elementor-element-259f0db5 elementor-section-boxed elementor-section-height-default elementor-section-height-default\" data-id=\"259f0db5\" data-element_type=\"section\" data-e-type=\"section\">\n\t\t\t\t\t\t<div class=\"elementor-container elementor-column-gap-default\">\n\t\t\t\t\t<div class=\"elementor-column elementor-col-50 elementor-top-column elementor-element elementor-element-48b81e53\" data-id=\"48b81e53\" data-element_type=\"column\" data-e-type=\"column\">\n\t\t\t<div class=\"elementor-widget-wrap elementor-element-populated\">\n\t\t\t\t\t\t<div class=\"elementor-element elementor-element-3a27f8c1 elementor-widget elementor-widget-text-editor\" data-id=\"3a27f8c1\" data-element_type=\"widget\" data-e-type=\"widget\" data-widget_type=\"text-editor.default\">\n\t\t\t\t<div class=\"elementor-widget-container\">\n\t\t\t\t\t<div class=\"bb-theme-elementor-wrap bb-elementor-custom-family\">\t\t\t\t<p class=\"translation-block\">Esate m\u016bs\u0173 tarptautinio internetinio bendradarbiavimo \u017eiedinio turizmo centro <em><strong>vie\u0161ajame puslapyje<\/strong><\/em>. \u0160iame puslapyje galite rasti naujien\u0173 ir informacijos apie projekt\u0105, partneryst\u0119 ir internetin\u0119 bendruomen\u0117s platform\u0105. <strong>Pagrindinis puslapis pasiekiamas 5 kalbomis (angl\u0173, slov\u0117n\u0173, lietuvi\u0173, ital\u0173, vengr\u0173).<\/strong><\/p>\t\t\t\t<\/div>\t\t\t\t<\/div>\n\t\t\t\t<\/div>\n\t\t\t\t<div class=\"elementor-element elementor-element-108a14ca elementor-widget elementor-widget-text-editor\" data-id=\"108a14ca\" data-element_type=\"widget\" data-e-type=\"widget\" data-widget_type=\"text-editor.default\">\n\t\t\t\t<div class=\"elementor-widget-container\">\n\t\t\t\t\t<div class=\"bb-theme-elementor-wrap bb-elementor-custom-family\">\t\t\t\t<p class=\"translation-block\">Pagrindinio puslapio <em><strong>antra\u0161t\u0117je<\/strong><\/em> galima rinktis i\u0161 5 meniu parink\u010di\u0173: naujien\u0173, \u017eini\u0173 ir geros praktikos banko, internetinio vertinimo \u012frankis, kontaktai, kaip naudotis \u0161ia svetaine.<\/p>\t\t\t\t<\/div>\t\t\t\t<\/div>\n\t\t\t\t<\/div>\n\t\t\t\t<div class=\"elementor-element elementor-element-348dc4eb elementor-widget elementor-widget-text-editor\" data-id=\"348dc4eb\" data-element_type=\"widget\" data-e-type=\"widget\" data-widget_type=\"text-editor.default\">\n\t\t\t\t<div class=\"elementor-widget-container\">\n\t\t\t\t\t<div class=\"bb-theme-elementor-wrap bb-elementor-custom-family\">\t\t\t\t<p class=\"translation-block\">Nor\u0117dami naudotis visomis HUB funkcijomis, turite <strong>u\u017esiregistruoti<\/strong>. Nor\u0117dami u\u017esiregistruoti, spustel\u0117kite registracijos mygtuk\u0105 vir\u0161utiniame de\u0161iniajame galvos juostos kampe. Daugiau apie svetain\u0117s naudojimo s\u0105lygas galite perskaityti s\u0105lyg\u0173 dokumente.<\/p>\t\t\t\t<\/div>\t\t\t\t<\/div>\n\t\t\t\t<\/div>\n\t\t\t\t<div class=\"elementor-element elementor-element-19450d6c elementor-widget elementor-widget-text-editor\" data-id=\"19450d6c\" data-element_type=\"widget\" data-e-type=\"widget\" data-widget_type=\"text-editor.default\">\n\t\t\t\t<div class=\"elementor-widget-container\">\n\t\t\t\t\t<div class=\"bb-theme-elementor-wrap bb-elementor-custom-family\">\t\t\t\t<p class=\"translation-block\">Nor\u0117dami i\u0161si\u0173sti mums \u017einut\u0119, galite naudoti <em><strong>kontakt\u0173<\/strong><\/em> meniu esan\u010di\u0105 kontaktin\u0119 form\u0105, ta\u010diau taip pat galite rasti tiesioginius projekto vystymo partneryst\u0117s kontaktinius duomenis.<\/p>\t\t\t\t<\/div>\t\t\t\t<\/div>\n\t\t\t\t<\/div>\n\t\t\t\t<div class=\"elementor-element elementor-element-16fdce42 elementor-widget elementor-widget-text-editor\" data-id=\"16fdce42\" data-element_type=\"widget\" data-e-type=\"widget\" data-widget_type=\"text-editor.default\">\n\t\t\t\t<div class=\"elementor-widget-container\">\n\t\t\t\t\t<div class=\"bb-theme-elementor-wrap bb-elementor-custom-family\">\t\t\t\t<p class=\"translation-block\">Pagrindinio puslapio apa\u010dioje galite <em><strong>u\u017esiprenumeruoti<\/strong><\/em> m\u016bs\u0173 naujienlai\u0161k\u012f ir sekti mus m\u016bs\u0173 <em><strong>socialin\u0117s \u017einiasklaidos<\/strong><\/em> puslapiuose.<\/p>\t\t\t\t<\/div>\t\t\t\t<\/div>\n\t\t\t\t<\/div>\n\t\t\t\t\t<\/div>\n\t\t<\/div>\n\t\t\t\t<div class=\"elementor-column elementor-col-50 elementor-top-column elementor-element elementor-element-76f73062\" data-id=\"76f73062\" data-element_type=\"column\" data-e-type=\"column\">\n\t\t\t<div class=\"elementor-widget-wrap elementor-element-populated\">\n\t\t\t\t\t\t<div class=\"elementor-element elementor-element-5b30abc elementor-widget elementor-widget-image\" data-id=\"5b30abc\" data-element_type=\"widget\" data-e-type=\"widget\" data-widget_type=\"image.default\">\n\t\t\t\t<div class=\"elementor-widget-container\">\n\t\t\t\t\t\t\t\t\t\t\t\t\t\t\t<img fetchpriority=\"high\" decoding=\"async\" width=\"640\" height=\"640\" src=\"https:\/\/reconnecthub.eu\/wp-content\/uploads\/2023\/02\/2-1024x1024.png\" class=\"attachment-large size-large wp-image-1072\" alt=\"\" srcset=\"https:\/\/reconnecthub.eu\/wp-content\/uploads\/2023\/02\/2-1024x1024.png 1024w, https:\/\/reconnecthub.eu\/wp-content\/uploads\/2023\/02\/2-300x300.png 300w, https:\/\/reconnecthub.eu\/wp-content\/uploads\/2023\/02\/2-150x150.png 150w, https:\/\/reconnecthub.eu\/wp-content\/uploads\/2023\/02\/2-768x768.png 768w, https:\/\/reconnecthub.eu\/wp-content\/uploads\/2023\/02\/2-624x624.png 624w, https:\/\/reconnecthub.eu\/wp-content\/uploads\/2023\/02\/2.png 1080w\" sizes=\"(max-width: 640px) 100vw, 640px\" \/>\t\t\t\t\t\t\t\t\t\t\t\t\t\t\t<\/div>\n\t\t\t\t<\/div>\n\t\t\t\t\t<\/div>\n\t\t<\/div>\n\t\t\t\t\t<\/div>\n\t\t<\/section>\n\t\t\t\t<section class=\"elementor-section elementor-top-section elementor-element elementor-element-628fa845 elementor-section-boxed elementor-section-height-default elementor-section-height-default\" data-id=\"628fa845\" data-element_type=\"section\" data-e-type=\"section\">\n\t\t\t\t\t\t<div class=\"elementor-container elementor-column-gap-default\">\n\t\t\t\t\t<div class=\"elementor-column elementor-col-33 elementor-top-column elementor-element elementor-element-6849fa03\" data-id=\"6849fa03\" data-element_type=\"column\" data-e-type=\"column\">\n\t\t\t<div class=\"elementor-widget-wrap elementor-element-populated\">\n\t\t\t\t\t\t<div class=\"elementor-element elementor-element-15362e2e elementor-widget elementor-widget-image\" data-id=\"15362e2e\" data-element_type=\"widget\" data-e-type=\"widget\" data-widget_type=\"image.default\">\n\t\t\t\t<div class=\"elementor-widget-container\">\n\t\t\t\t\t\t\t\t\t\t\t\t\t\t\t<img decoding=\"async\" width=\"640\" height=\"640\" src=\"https:\/\/reconnecthub.eu\/wp-content\/uploads\/2023\/02\/3-1024x1024.png\" class=\"attachment-large size-large wp-image-1073\" alt=\"\" srcset=\"https:\/\/reconnecthub.eu\/wp-content\/uploads\/2023\/02\/3-1024x1024.png 1024w, https:\/\/reconnecthub.eu\/wp-content\/uploads\/2023\/02\/3-300x300.png 300w, https:\/\/reconnecthub.eu\/wp-content\/uploads\/2023\/02\/3-150x150.png 150w, https:\/\/reconnecthub.eu\/wp-content\/uploads\/2023\/02\/3-768x768.png 768w, https:\/\/reconnecthub.eu\/wp-content\/uploads\/2023\/02\/3-624x624.png 624w, https:\/\/reconnecthub.eu\/wp-content\/uploads\/2023\/02\/3.png 1080w\" sizes=\"(max-width: 640px) 100vw, 640px\" \/>\t\t\t\t\t\t\t\t\t\t\t\t\t\t\t<\/div>\n\t\t\t\t<\/div>\n\t\t\t\t\t<\/div>\n\t\t<\/div>\n\t\t\t\t<div class=\"elementor-column elementor-col-66 elementor-top-column elementor-element elementor-element-314a5c5f\" data-id=\"314a5c5f\" data-element_type=\"column\" data-e-type=\"column\">\n\t\t\t<div class=\"elementor-widget-wrap elementor-element-populated\">\n\t\t\t\t\t\t<div class=\"elementor-element elementor-element-fe765c7 elementor-widget elementor-widget-text-editor\" data-id=\"fe765c7\" data-element_type=\"widget\" data-e-type=\"widget\" data-widget_type=\"text-editor.default\">\n\t\t\t\t<div class=\"elementor-widget-container\">\n\t\t\t\t\t<div class=\"bb-theme-elementor-wrap bb-elementor-custom-family\">\t\t\t\t<p class=\"translation-block\"><em><strong>Registracijos puslapyje<\/strong><\/em> tur\u0117site \u012fvesti savo vard\u0105, el. pa\u0161to adres\u0105 ir profilio tip\u0105.<\/p>\t\t\t\t<\/div>\t\t\t\t<\/div>\n\t\t\t\t<\/div>\n\t\t\t\t<div class=\"elementor-element elementor-element-2c952196 elementor-widget elementor-widget-text-editor\" data-id=\"2c952196\" data-element_type=\"widget\" data-e-type=\"widget\" data-widget_type=\"text-editor.default\">\n\t\t\t\t<div class=\"elementor-widget-container\">\n\t\t\t\t\t<div class=\"bb-theme-elementor-wrap bb-elementor-custom-family\">\t\t\t\t<p class=\"translation-block\">Teisingai u\u017epild\u017eius ir pateikus form\u0105, nurodytu el. pa\u0161to adresu gausite el. lai\u0161k\u0105. Nor\u0117dami <em><strong>suaktyvinti paskyr\u0105<\/strong><\/em>, spustel\u0117kite prane\u0161ime esan\u010di\u0105 nuorod\u0105.<\/p>\t\t\t\t<\/div>\t\t\t\t<\/div>\n\t\t\t\t<\/div>\n\t\t\t\t<div class=\"elementor-element elementor-element-57447f6c elementor-widget elementor-widget-text-editor\" data-id=\"57447f6c\" data-element_type=\"widget\" data-e-type=\"widget\" data-widget_type=\"text-editor.default\">\n\t\t\t\t<div class=\"elementor-widget-container\">\n\t\t\t\t\t<div class=\"bb-theme-elementor-wrap bb-elementor-custom-family\">\t\t\t\t<p class=\"translation-block\">S\u0117kmingai suaktyvin\u0119 galite prisijungti prie pagrindinio centro spustel\u0117dami <em><strong>prisijungimo mygtuk\u0105<\/strong><\/em> de\u0161in\u0117je galvos juostos pus\u0117je.<\/p>\t\t\t\t<\/div>\t\t\t\t<\/div>\n\t\t\t\t<\/div>\n\t\t\t\t\t<\/div>\n\t\t<\/div>\n\t\t\t\t\t<\/div>\n\t\t<\/section>\n\t\t\t\t<section class=\"elementor-section elementor-top-section elementor-element elementor-element-44430f46 elementor-section-boxed elementor-section-height-default elementor-section-height-default\" data-id=\"44430f46\" data-element_type=\"section\" data-e-type=\"section\">\n\t\t\t\t\t\t<div class=\"elementor-container elementor-column-gap-default\">\n\t\t\t\t\t<div class=\"elementor-column elementor-col-50 elementor-top-column elementor-element elementor-element-1680f64a\" data-id=\"1680f64a\" data-element_type=\"column\" data-e-type=\"column\">\n\t\t\t<div class=\"elementor-widget-wrap elementor-element-populated\">\n\t\t\t\t\t\t<div class=\"elementor-element elementor-element-14a7d69b elementor-widget elementor-widget-text-editor\" data-id=\"14a7d69b\" data-element_type=\"widget\" data-e-type=\"widget\" data-widget_type=\"text-editor.default\">\n\t\t\t\t<div class=\"elementor-widget-container\">\n\t\t\t\t\t<div class=\"bb-theme-elementor-wrap bb-elementor-custom-family\">\t\t\t\t<p class=\"translation-block\">Prisijung\u0119 pamatysite <em><strong>centrin\u012f valdymo skyd\u0105<\/strong><\/em>. Tai pagrindin\u0117 cenro dalis, i\u0161 kurios lengvai pasiekiamos visos funkcijos.<\/p>\t\t\t\t<\/div>\t\t\t\t<\/div>\n\t\t\t\t<\/div>\n\t\t\t\t<div class=\"elementor-element elementor-element-1de1374a elementor-widget elementor-widget-text-editor\" data-id=\"1de1374a\" data-element_type=\"widget\" data-e-type=\"widget\" data-widget_type=\"text-editor.default\">\n\t\t\t\t<div class=\"elementor-widget-container\">\n\t\t\t\t\t<div class=\"bb-theme-elementor-wrap bb-elementor-custom-family bb-elementor-custom-size\">\t\t\t\t<p class=\"translation-block\"><strong>Kadangi pagrindinis m\u016bs\u0173 platformos tikslas \u2013 palengvinti tarptautin\u012f su \u017eiediniu turizmu susijusi\u0173 organizacij\u0173 ir asmen\u0173 bendradarbiavim\u0105 Europoje, pra\u0161ome svetain\u0117je bendrauti angl\u0173 kalba!<\/strong><\/p>\t\t\t\t<\/div>\t\t\t\t<\/div>\n\t\t\t\t<\/div>\n\t\t\t\t<div class=\"elementor-element elementor-element-3e45ac2e elementor-widget elementor-widget-text-editor\" data-id=\"3e45ac2e\" data-element_type=\"widget\" data-e-type=\"widget\" data-widget_type=\"text-editor.default\">\n\t\t\t\t<div class=\"elementor-widget-container\">\n\t\t\t\t\t<div class=\"bb-theme-elementor-wrap bb-elementor-custom-family\">\t\t\t\t<p class=\"translation-block\">\u010cia yra <em><strong>naujien\u0173 kanalo skiltis<\/strong><\/em>, kurioje, kaip ir socialin\u0117s \u017einiasklaidos svetain\u0117se, vartotojai gali matyti naujausi\u0105 veikl\u0105 ir dalintis naujienomis, informacija ir \u017einiasklaidos turiniu.<\/p>\t\t\t\t<\/div>\t\t\t\t<\/div>\n\t\t\t\t<\/div>\n\t\t\t\t<div class=\"elementor-element elementor-element-2beb0a08 elementor-widget elementor-widget-text-editor\" data-id=\"2beb0a08\" data-element_type=\"widget\" data-e-type=\"widget\" data-widget_type=\"text-editor.default\">\n\t\t\t\t<div class=\"elementor-widget-container\">\n\t\t\t\t\t<div class=\"bb-theme-elementor-wrap bb-elementor-custom-family\">\t\t\t\t<p class=\"translation-block\"><strong>Profilio<\/strong> skiltyje galite \u012fkelti savo profil\u012f ir vir\u0161elio nuotrauk\u0105, redaguoti savo profil\u012f ir per\u017ei\u016br\u0117ti kit\u0173 nari\u0173 profilius. <em><strong>Centro nariai gali per\u017ei\u016br\u0117ti, sekti ir bendrauti vieni su kitais. Nariai gali bendrauti vieni su kit\u0173 \u012fra\u0161ais naudodami funkcijas, \u012fskaitant @min\u0117jimus, paveiksl\u0117lius, gifus ir kt.<\/strong><\/em> Nariai taip pat gali si\u0173sti <em><strong>priva\u010dias \u017einutes<\/strong><\/em> vienam nariui arba nari\u0173 grupei.<\/p>\t\t\t\t<\/div>\t\t\t\t<\/div>\n\t\t\t\t<\/div>\n\t\t\t\t<div class=\"elementor-element elementor-element-78b7a992 elementor-widget elementor-widget-text-editor\" data-id=\"78b7a992\" data-element_type=\"widget\" data-e-type=\"widget\" data-widget_type=\"text-editor.default\">\n\t\t\t\t<div class=\"elementor-widget-container\">\n\t\t\t\t\t<div class=\"bb-theme-elementor-wrap bb-elementor-custom-family\">\t\t\t\t<p class=\"translation-block\"><em><strong>Teminiai \u017eini\u0173 \u0161altiniai ir interaktyvios funkcijos<\/strong><\/em> apie \u017eiedin\u012f turizm\u0105 pasiekiamos per meniu elementus, esan\u010dius galvos juostoje.<\/p>\t\t\t\t<\/div>\t\t\t\t<\/div>\n\t\t\t\t<\/div>\n\t\t\t\t\t<\/div>\n\t\t<\/div>\n\t\t\t\t<div class=\"elementor-column elementor-col-50 elementor-top-column elementor-element elementor-element-4e272f49\" data-id=\"4e272f49\" data-element_type=\"column\" data-e-type=\"column\">\n\t\t\t<div class=\"elementor-widget-wrap elementor-element-populated\">\n\t\t\t\t\t\t<div class=\"elementor-element elementor-element-68a2d6be elementor-widget elementor-widget-image\" data-id=\"68a2d6be\" data-element_type=\"widget\" data-e-type=\"widget\" data-widget_type=\"image.default\">\n\t\t\t\t<div class=\"elementor-widget-container\">\n\t\t\t\t\t\t\t\t\t\t\t\t\t\t\t<img decoding=\"async\" width=\"640\" height=\"640\" src=\"https:\/\/reconnecthub.eu\/wp-content\/uploads\/2023\/02\/4-1024x1024.png\" class=\"attachment-large size-large wp-image-1074\" alt=\"\" srcset=\"https:\/\/reconnecthub.eu\/wp-content\/uploads\/2023\/02\/4-1024x1024.png 1024w, https:\/\/reconnecthub.eu\/wp-content\/uploads\/2023\/02\/4-300x300.png 300w, https:\/\/reconnecthub.eu\/wp-content\/uploads\/2023\/02\/4-150x150.png 150w, https:\/\/reconnecthub.eu\/wp-content\/uploads\/2023\/02\/4-768x768.png 768w, https:\/\/reconnecthub.eu\/wp-content\/uploads\/2023\/02\/4-624x624.png 624w, https:\/\/reconnecthub.eu\/wp-content\/uploads\/2023\/02\/4.png 1080w\" sizes=\"(max-width: 640px) 100vw, 640px\" \/>\t\t\t\t\t\t\t\t\t\t\t\t\t\t\t<\/div>\n\t\t\t\t<\/div>\n\t\t\t\t<div class=\"elementor-element elementor-element-42ca4ea1 elementor-align-center elementor-invisible elementor-widget elementor-widget-button\" data-id=\"42ca4ea1\" data-element_type=\"widget\" data-e-type=\"widget\" data-settings=\"{&quot;_animation&quot;:&quot;tada&quot;}\" data-widget_type=\"button.default\">\n\t\t\t\t<div class=\"elementor-widget-container\">\n\t\t\t\t\t\t\t\t\t<div class=\"elementor-button-wrapper\">\n\t\t\t\t\t<a class=\"elementor-button elementor-button-link elementor-size-xl\" href=\"\/register\/\">\n\t\t\t\t\t\t<span class=\"elementor-button-content-wrapper\">\n\t\t\t\t\t\t\t\t\t<span class=\"elementor-button-text\">REGISTRUOKIS DABAR IR PRISIJUNK PRIE BENDRUOMEN\u0116S<\/span>\n\t\t\t\t\t<\/span>\n\t\t\t\t\t<\/a>\n\t\t\t\t<\/div>\n\t\t\t\t\t\t\t\t<\/div>\n\t\t\t\t<\/div>\n\t\t\t\t<div class=\"elementor-element elementor-element-40d517dc elementor-widget elementor-widget-text-editor\" data-id=\"40d517dc\" data-element_type=\"widget\" data-e-type=\"widget\" data-widget_type=\"text-editor.default\">\n\t\t\t\t<div class=\"elementor-widget-container\">\n\t\t\t\t\t<div class=\"bb-theme-elementor-wrap bb-elementor-custom-family\">\t\t\t\t<p><em>\u0160is internetinis centras sukurtas taip, kad atitikt\u0173 atitinkamus duomen\u0173 apsaugos reikalavimus, apie kuriuos daugiau galite perskaityti m\u016bs\u0173 privatumo politikoje.<\/em><\/p>\t\t\t\t<\/div>\t\t\t\t<\/div>\n\t\t\t\t<\/div>\n\t\t\t\t\t<\/div>\n\t\t<\/div>\n\t\t\t\t\t<\/div>\n\t\t<\/section>\n\t\t\t\t<\/div>","protected":false},"excerpt":{"rendered":"<p>You are on the public page\u00a0of our international online collaborative hub on circular tourism. In this page you can find some news and information about&hellip;<\/p>","protected":false},"author":1,"featured_media":0,"parent":0,"menu_order":0,"comment_status":"closed","ping_status":"closed","template":"","meta":{"footnotes":""},"class_list":["post-1030","page","type-page","status-publish","hentry"],"_links":{"self":[{"href":"https:\/\/reconnecthub.eu\/lt\/wp-json\/wp\/v2\/pages\/1030","targetHints":{"allow":["GET"]}}],"collection":[{"href":"https:\/\/reconnecthub.eu\/lt\/wp-json\/wp\/v2\/pages"}],"about":[{"href":"https:\/\/reconnecthub.eu\/lt\/wp-json\/wp\/v2\/types\/page"}],"author":[{"embeddable":true,"href":"https:\/\/reconnecthub.eu\/lt\/wp-json\/wp\/v2\/users\/1"}],"replies":[{"embeddable":true,"href":"https:\/\/reconnecthub.eu\/lt\/wp-json\/wp\/v2\/comments?post=1030"}],"version-history":[{"count":37,"href":"https:\/\/reconnecthub.eu\/lt\/wp-json\/wp\/v2\/pages\/1030\/revisions"}],"predecessor-version":[{"id":1173,"href":"https:\/\/reconnecthub.eu\/lt\/wp-json\/wp\/v2\/pages\/1030\/revisions\/1173"}],"wp:attachment":[{"href":"https:\/\/reconnecthub.eu\/lt\/wp-json\/wp\/v2\/media?parent=1030"}],"curies":[{"name":"wp","href":"https:\/\/api.w.org\/{rel}","templated":true}]}}