{"id":1030,"date":"2023-02-06T09:16:19","date_gmt":"2023-02-06T09:16:19","guid":{"rendered":"https:\/\/reconnecthub.eu\/?page_id=1030"},"modified":"2023-02-06T13:35:29","modified_gmt":"2023-02-06T13:35:29","slug":"how-to-use-this-site","status":"publish","type":"page","link":"https:\/\/reconnecthub.eu\/sl\/how-to-use-this-site\/","title":{"rendered":"Kako uprabljati to stran?"},"content":{"rendered":"<div data-elementor-type=\"wp-page\" data-elementor-id=\"1030\" class=\"elementor elementor-1030\" data-elementor-post-type=\"page\">\n\t\t\t\t\t\t<section class=\"elementor-section elementor-top-section elementor-element elementor-element-259f0db5 elementor-section-boxed elementor-section-height-default elementor-section-height-default\" data-id=\"259f0db5\" data-element_type=\"section\" data-e-type=\"section\">\n\t\t\t\t\t\t<div class=\"elementor-container elementor-column-gap-default\">\n\t\t\t\t\t<div class=\"elementor-column elementor-col-50 elementor-top-column elementor-element elementor-element-48b81e53\" data-id=\"48b81e53\" data-element_type=\"column\" data-e-type=\"column\">\n\t\t\t<div class=\"elementor-widget-wrap elementor-element-populated\">\n\t\t\t\t\t\t<div class=\"elementor-element elementor-element-3a27f8c1 elementor-widget elementor-widget-text-editor\" data-id=\"3a27f8c1\" data-element_type=\"widget\" data-e-type=\"widget\" data-widget_type=\"text-editor.default\">\n\t\t\t\t<div class=\"elementor-widget-container\">\n\t\t\t\t\t<div class=\"bb-theme-elementor-wrap bb-elementor-custom-family\">\t\t\t\t<p class=\"translation-block\">Nahajate se na <em><strong>javni strani<\/strong><\/em> na\u0161ega mednarodnega sodelovalnega sti\u010di\u0161\u010da za kro\u017eni razvoj turizma. Na tej strani najdete nekaj novic in informacij o projektu, partnerstvu in platformi spletne skupnosti. <strong>Pristajalna stran je na voljo v petih jezikih (angle\u0161\u010dini, sloven\u0161\u010dini, litov\u0161\u010dini, italijan\u0161\u010dini in mad\u017ear\u0161\u010dini).<\/strong><\/p>\t\t\t\t<\/div>\t\t\t\t<\/div>\n\t\t\t\t<\/div>\n\t\t\t\t<div class=\"elementor-element elementor-element-108a14ca elementor-widget elementor-widget-text-editor\" data-id=\"108a14ca\" data-element_type=\"widget\" data-e-type=\"widget\" data-widget_type=\"text-editor.default\">\n\t\t\t\t<div class=\"elementor-widget-container\">\n\t\t\t\t\t<div class=\"bb-theme-elementor-wrap bb-elementor-custom-family\">\t\t\t\t<p class=\"translation-block\">V <em><strong>naslovni vrstici<\/strong><\/em> pristajalne strani lahko izbirate med 5 mo\u017enostmi menija: novice, banka znanja in dobrih praks, spletno orodje za ocenjevanje, stik z nami, kako uporabljati to stran.<\/p>\t\t\t\t<\/div>\t\t\t\t<\/div>\n\t\t\t\t<\/div>\n\t\t\t\t<div class=\"elementor-element elementor-element-348dc4eb elementor-widget elementor-widget-text-editor\" data-id=\"348dc4eb\" data-element_type=\"widget\" data-e-type=\"widget\" data-widget_type=\"text-editor.default\">\n\t\t\t\t<div class=\"elementor-widget-container\">\n\t\t\t\t\t<div class=\"bb-theme-elementor-wrap bb-elementor-custom-family\">\t\t\t\t<p class=\"translation-block\">Za dostop do vseh funkcij HUB-a se morate <strong>registrirati<\/strong>. \u010ce se \u017eelite registrirati, kliknite gumb za prijavo v zgornjem desnem kotu orodne vrstice. Ve\u010d o pogojih uporabe spletnega mesta si lahko preberete v dokumentu o pogojih uporabe.<\/p>\t\t\t\t<\/div>\t\t\t\t<\/div>\n\t\t\t\t<\/div>\n\t\t\t\t<div class=\"elementor-element elementor-element-19450d6c elementor-widget elementor-widget-text-editor\" data-id=\"19450d6c\" data-element_type=\"widget\" data-e-type=\"widget\" data-widget_type=\"text-editor.default\">\n\t\t\t\t<div class=\"elementor-widget-container\">\n\t\t\t\t\t<div class=\"bb-theme-elementor-wrap bb-elementor-custom-family\">\t\t\t\t<p class=\"translation-block\">\u010ce nam \u017eelite poslati sporo\u010dilo lahko uporabite <em><strong>kontaktni<\/strong><\/em> obrazec v meniju stik z nami pa lahko najdete tudi direktne kontaktne podatke partnerstva, ki razvija projekt<\/p>\t\t\t\t<\/div>\t\t\t\t<\/div>\n\t\t\t\t<\/div>\n\t\t\t\t<div class=\"elementor-element elementor-element-16fdce42 elementor-widget elementor-widget-text-editor\" data-id=\"16fdce42\" data-element_type=\"widget\" data-e-type=\"widget\" data-widget_type=\"text-editor.default\">\n\t\t\t\t<div class=\"elementor-widget-container\">\n\t\t\t\t\t<div class=\"bb-theme-elementor-wrap bb-elementor-custom-family\">\t\t\t\t<p class=\"translation-block\">Na dnu glavne strani se lahko <em><strong>naro\u010dite<\/strong><\/em> na na\u0161e e-novice in nam sledite na na\u0161ih straneh na <em><strong>dru\u017ebenih omre\u017ejih.<\/strong><\/em><\/p>\t\t\t\t<\/div>\t\t\t\t<\/div>\n\t\t\t\t<\/div>\n\t\t\t\t\t<\/div>\n\t\t<\/div>\n\t\t\t\t<div class=\"elementor-column elementor-col-50 elementor-top-column elementor-element elementor-element-76f73062\" data-id=\"76f73062\" data-element_type=\"column\" data-e-type=\"column\">\n\t\t\t<div class=\"elementor-widget-wrap elementor-element-populated\">\n\t\t\t\t\t\t<div class=\"elementor-element elementor-element-5b30abc elementor-widget elementor-widget-image\" data-id=\"5b30abc\" data-element_type=\"widget\" data-e-type=\"widget\" data-widget_type=\"image.default\">\n\t\t\t\t<div class=\"elementor-widget-container\">\n\t\t\t\t\t\t\t\t\t\t\t\t\t\t\t<img fetchpriority=\"high\" decoding=\"async\" width=\"640\" height=\"640\" src=\"https:\/\/reconnecthub.eu\/wp-content\/uploads\/2023\/02\/2-1024x1024.png\" class=\"attachment-large size-large wp-image-1072\" alt=\"\" srcset=\"https:\/\/reconnecthub.eu\/wp-content\/uploads\/2023\/02\/2-1024x1024.png 1024w, https:\/\/reconnecthub.eu\/wp-content\/uploads\/2023\/02\/2-300x300.png 300w, https:\/\/reconnecthub.eu\/wp-content\/uploads\/2023\/02\/2-150x150.png 150w, https:\/\/reconnecthub.eu\/wp-content\/uploads\/2023\/02\/2-768x768.png 768w, https:\/\/reconnecthub.eu\/wp-content\/uploads\/2023\/02\/2-624x624.png 624w, https:\/\/reconnecthub.eu\/wp-content\/uploads\/2023\/02\/2.png 1080w\" sizes=\"(max-width: 640px) 100vw, 640px\" \/>\t\t\t\t\t\t\t\t\t\t\t\t\t\t\t<\/div>\n\t\t\t\t<\/div>\n\t\t\t\t\t<\/div>\n\t\t<\/div>\n\t\t\t\t\t<\/div>\n\t\t<\/section>\n\t\t\t\t<section class=\"elementor-section elementor-top-section elementor-element elementor-element-628fa845 elementor-section-boxed elementor-section-height-default elementor-section-height-default\" data-id=\"628fa845\" data-element_type=\"section\" data-e-type=\"section\">\n\t\t\t\t\t\t<div class=\"elementor-container elementor-column-gap-default\">\n\t\t\t\t\t<div class=\"elementor-column elementor-col-33 elementor-top-column elementor-element elementor-element-6849fa03\" data-id=\"6849fa03\" data-element_type=\"column\" data-e-type=\"column\">\n\t\t\t<div class=\"elementor-widget-wrap elementor-element-populated\">\n\t\t\t\t\t\t<div class=\"elementor-element elementor-element-15362e2e elementor-widget elementor-widget-image\" data-id=\"15362e2e\" data-element_type=\"widget\" data-e-type=\"widget\" data-widget_type=\"image.default\">\n\t\t\t\t<div class=\"elementor-widget-container\">\n\t\t\t\t\t\t\t\t\t\t\t\t\t\t\t<img decoding=\"async\" width=\"640\" height=\"640\" src=\"https:\/\/reconnecthub.eu\/wp-content\/uploads\/2023\/02\/3-1024x1024.png\" class=\"attachment-large size-large wp-image-1073\" alt=\"\" srcset=\"https:\/\/reconnecthub.eu\/wp-content\/uploads\/2023\/02\/3-1024x1024.png 1024w, https:\/\/reconnecthub.eu\/wp-content\/uploads\/2023\/02\/3-300x300.png 300w, https:\/\/reconnecthub.eu\/wp-content\/uploads\/2023\/02\/3-150x150.png 150w, https:\/\/reconnecthub.eu\/wp-content\/uploads\/2023\/02\/3-768x768.png 768w, https:\/\/reconnecthub.eu\/wp-content\/uploads\/2023\/02\/3-624x624.png 624w, https:\/\/reconnecthub.eu\/wp-content\/uploads\/2023\/02\/3.png 1080w\" sizes=\"(max-width: 640px) 100vw, 640px\" \/>\t\t\t\t\t\t\t\t\t\t\t\t\t\t\t<\/div>\n\t\t\t\t<\/div>\n\t\t\t\t\t<\/div>\n\t\t<\/div>\n\t\t\t\t<div class=\"elementor-column elementor-col-66 elementor-top-column elementor-element elementor-element-314a5c5f\" data-id=\"314a5c5f\" data-element_type=\"column\" data-e-type=\"column\">\n\t\t\t<div class=\"elementor-widget-wrap elementor-element-populated\">\n\t\t\t\t\t\t<div class=\"elementor-element elementor-element-fe765c7 elementor-widget elementor-widget-text-editor\" data-id=\"fe765c7\" data-element_type=\"widget\" data-e-type=\"widget\" data-widget_type=\"text-editor.default\">\n\t\t\t\t<div class=\"elementor-widget-container\">\n\t\t\t\t\t<div class=\"bb-theme-elementor-wrap bb-elementor-custom-family\">\t\t\t\t<p class=\"translation-block\">Na <em><strong>strani za registracijo<\/strong><\/em> morate vnesti svoje ime, e-po\u0161tni naslov ter vrsto profila.<\/p>\t\t\t\t<\/div>\t\t\t\t<\/div>\n\t\t\t\t<\/div>\n\t\t\t\t<div class=\"elementor-element elementor-element-2c952196 elementor-widget elementor-widget-text-editor\" data-id=\"2c952196\" data-element_type=\"widget\" data-e-type=\"widget\" data-widget_type=\"text-editor.default\">\n\t\t\t\t<div class=\"elementor-widget-container\">\n\t\t\t\t\t<div class=\"bb-theme-elementor-wrap bb-elementor-custom-family\">\t\t\t\t<p class=\"translation-block\">Ko bo obrazec pravilno izpolnjen in poslan, boste na navedeni e-po\u0161tni naslov prejeli elektronsko sporo\u010dilo. Kliknite povezavo v sporo\u010dilu, da <em><strong>aktivirate svoj ra\u010dun.<\/strong><\/em><\/p>\t\t\t\t<\/div>\t\t\t\t<\/div>\n\t\t\t\t<\/div>\n\t\t\t\t<div class=\"elementor-element elementor-element-57447f6c elementor-widget elementor-widget-text-editor\" data-id=\"57447f6c\" data-element_type=\"widget\" data-e-type=\"widget\" data-widget_type=\"text-editor.default\">\n\t\t\t\t<div class=\"elementor-widget-container\">\n\t\t\t\t\t<div class=\"bb-theme-elementor-wrap bb-elementor-custom-family\">\t\t\t\t<p class=\"translation-block\">Po uspe\u0161ni aktivaciji se lahko prijavite v HUB tako, da kliknete <em><strong>gumb za prijavo<\/strong><\/em> na desni strani orodne vrstice.<\/p>\t\t\t\t<\/div>\t\t\t\t<\/div>\n\t\t\t\t<\/div>\n\t\t\t\t\t<\/div>\n\t\t<\/div>\n\t\t\t\t\t<\/div>\n\t\t<\/section>\n\t\t\t\t<section class=\"elementor-section elementor-top-section elementor-element elementor-element-44430f46 elementor-section-boxed elementor-section-height-default elementor-section-height-default\" data-id=\"44430f46\" data-element_type=\"section\" data-e-type=\"section\">\n\t\t\t\t\t\t<div class=\"elementor-container elementor-column-gap-default\">\n\t\t\t\t\t<div class=\"elementor-column elementor-col-50 elementor-top-column elementor-element elementor-element-1680f64a\" data-id=\"1680f64a\" data-element_type=\"column\" data-e-type=\"column\">\n\t\t\t<div class=\"elementor-widget-wrap elementor-element-populated\">\n\t\t\t\t\t\t<div class=\"elementor-element elementor-element-14a7d69b elementor-widget elementor-widget-text-editor\" data-id=\"14a7d69b\" data-element_type=\"widget\" data-e-type=\"widget\" data-widget_type=\"text-editor.default\">\n\t\t\t\t<div class=\"elementor-widget-container\">\n\t\t\t\t\t<div class=\"bb-theme-elementor-wrap bb-elementor-custom-family\">\t\t\t\t<p class=\"translation-block\">Po prijavi se prika\u017ee nadzorna <em><strong>plo\u0161\u010da spletnega sti\u010di\u0161\u010da<\/strong><\/em>. To je osrednji del sti\u010di\u0161\u010da, od koder lahko enostavno dostopate do vseh funkcij.<\/p>\t\t\t\t<\/div>\t\t\t\t<\/div>\n\t\t\t\t<\/div>\n\t\t\t\t<div class=\"elementor-element elementor-element-1de1374a elementor-widget elementor-widget-text-editor\" data-id=\"1de1374a\" data-element_type=\"widget\" data-e-type=\"widget\" data-widget_type=\"text-editor.default\">\n\t\t\t\t<div class=\"elementor-widget-container\">\n\t\t\t\t\t<div class=\"bb-theme-elementor-wrap bb-elementor-custom-family bb-elementor-custom-size\">\t\t\t\t<p class=\"translation-block\"><strong>Ker je glavni cilj na\u0161e platforme olaj\u0161ati mednarodno sodelovanje med organizacijami in posamezniki, ki se ukvarjajo s kro\u017enim turizmom v Evropi, vas prosimo, da v HUB-u komunicirate v angle\u0161\u010dini!<\/strong><\/p>\t\t\t\t<\/div>\t\t\t\t<\/div>\n\t\t\t\t<\/div>\n\t\t\t\t<div class=\"elementor-element elementor-element-3e45ac2e elementor-widget elementor-widget-text-editor\" data-id=\"3e45ac2e\" data-element_type=\"widget\" data-e-type=\"widget\" data-widget_type=\"text-editor.default\">\n\t\t\t\t<div class=\"elementor-widget-container\">\n\t\t\t\t\t<div class=\"bb-theme-elementor-wrap bb-elementor-custom-family\">\t\t\t\t<p class=\"translation-block\">Tu je na voljo <em><strong>seznam novic<\/strong><\/em>, v katerem lahko uporabniki, podobno kot na dru\u017eabnih omre\u017ejih, vidijo najnovej\u0161e aktivnosti ter delijo novice, informacije in medijske vsebine.<\/p>\t\t\t\t<\/div>\t\t\t\t<\/div>\n\t\t\t\t<\/div>\n\t\t\t\t<div class=\"elementor-element elementor-element-2beb0a08 elementor-widget elementor-widget-text-editor\" data-id=\"2beb0a08\" data-element_type=\"widget\" data-e-type=\"widget\" data-widget_type=\"text-editor.default\">\n\t\t\t\t<div class=\"elementor-widget-container\">\n\t\t\t\t\t<div class=\"bb-theme-elementor-wrap bb-elementor-custom-family\">\t\t\t\t<p class=\"translation-block\">V razdelku <strong>Profil<\/strong> lahko uredite svoj profil in naslovno sliko ter si ogledate profile drugih uporabnikov. <em><strong>V sredi\u0161\u010du lahko \u010dlani pregledujejo, sledijo ali prijateljujejo z drugimi uporabniki.  Uporabniki lahko sodelujejo v objavah drugih uporabnikov s funkcijami, kot so @ozna\u010di, slike, gifi in drugo.<\/strong><\/em> Poleg tega lahko uporabniki <em><strong>po\u0161iljajo zasebna sporo\u010dila<\/strong><\/em> drugemu uporabniku ali skupini uporabnikov.<\/p>\t\t\t\t<\/div>\t\t\t\t<\/div>\n\t\t\t\t<\/div>\n\t\t\t\t<div class=\"elementor-element elementor-element-78b7a992 elementor-widget elementor-widget-text-editor\" data-id=\"78b7a992\" data-element_type=\"widget\" data-e-type=\"widget\" data-widget_type=\"text-editor.default\">\n\t\t\t\t<div class=\"elementor-widget-container\">\n\t\t\t\t\t<div class=\"bb-theme-elementor-wrap bb-elementor-custom-family\">\t\t\t\t<p class=\"translation-block\"><em><strong>Do tematskih gradiv in interaktivnih funkcij<\/strong><\/em> o kro\u017enem turizmu lahko dostopate prek menijskih elementov v orodni vrstici.<\/p>\t\t\t\t<\/div>\t\t\t\t<\/div>\n\t\t\t\t<\/div>\n\t\t\t\t\t<\/div>\n\t\t<\/div>\n\t\t\t\t<div class=\"elementor-column elementor-col-50 elementor-top-column elementor-element elementor-element-4e272f49\" data-id=\"4e272f49\" data-element_type=\"column\" data-e-type=\"column\">\n\t\t\t<div class=\"elementor-widget-wrap elementor-element-populated\">\n\t\t\t\t\t\t<div class=\"elementor-element elementor-element-68a2d6be elementor-widget elementor-widget-image\" data-id=\"68a2d6be\" data-element_type=\"widget\" data-e-type=\"widget\" data-widget_type=\"image.default\">\n\t\t\t\t<div class=\"elementor-widget-container\">\n\t\t\t\t\t\t\t\t\t\t\t\t\t\t\t<img decoding=\"async\" width=\"640\" height=\"640\" src=\"https:\/\/reconnecthub.eu\/wp-content\/uploads\/2023\/02\/4-1024x1024.png\" class=\"attachment-large size-large wp-image-1074\" alt=\"\" srcset=\"https:\/\/reconnecthub.eu\/wp-content\/uploads\/2023\/02\/4-1024x1024.png 1024w, https:\/\/reconnecthub.eu\/wp-content\/uploads\/2023\/02\/4-300x300.png 300w, https:\/\/reconnecthub.eu\/wp-content\/uploads\/2023\/02\/4-150x150.png 150w, https:\/\/reconnecthub.eu\/wp-content\/uploads\/2023\/02\/4-768x768.png 768w, https:\/\/reconnecthub.eu\/wp-content\/uploads\/2023\/02\/4-624x624.png 624w, https:\/\/reconnecthub.eu\/wp-content\/uploads\/2023\/02\/4.png 1080w\" sizes=\"(max-width: 640px) 100vw, 640px\" \/>\t\t\t\t\t\t\t\t\t\t\t\t\t\t\t<\/div>\n\t\t\t\t<\/div>\n\t\t\t\t<div class=\"elementor-element elementor-element-42ca4ea1 elementor-align-center elementor-invisible elementor-widget elementor-widget-button\" data-id=\"42ca4ea1\" data-element_type=\"widget\" data-e-type=\"widget\" data-settings=\"{&quot;_animation&quot;:&quot;tada&quot;}\" data-widget_type=\"button.default\">\n\t\t\t\t<div class=\"elementor-widget-container\">\n\t\t\t\t\t\t\t\t\t<div class=\"elementor-button-wrapper\">\n\t\t\t\t\t<a class=\"elementor-button elementor-button-link elementor-size-xl\" href=\"\/register\/\">\n\t\t\t\t\t\t<span class=\"elementor-button-content-wrapper\">\n\t\t\t\t\t\t\t\t\t<span class=\"elementor-button-text\">PRIJAVITE SE ZDAJ IN SE PRIDRU\u017dITE SKUPNOSTI<\/span>\n\t\t\t\t\t<\/span>\n\t\t\t\t\t<\/a>\n\t\t\t\t<\/div>\n\t\t\t\t\t\t\t\t<\/div>\n\t\t\t\t<\/div>\n\t\t\t\t<div class=\"elementor-element elementor-element-40d517dc elementor-widget elementor-widget-text-editor\" data-id=\"40d517dc\" data-element_type=\"widget\" data-e-type=\"widget\" data-widget_type=\"text-editor.default\">\n\t\t\t\t<div class=\"elementor-widget-container\">\n\t\t\t\t\t<div class=\"bb-theme-elementor-wrap bb-elementor-custom-family\">\t\t\t\t<p><em>To spletno sredi\u0161\u010de je zasnovano v skladu z ustreznimi zahtevami za varstvo podatkov, o katerih si lahko ve\u010d preberete v na\u0161i politiki zasebnosti.<\/em><\/p>\t\t\t\t<\/div>\t\t\t\t<\/div>\n\t\t\t\t<\/div>\n\t\t\t\t\t<\/div>\n\t\t<\/div>\n\t\t\t\t\t<\/div>\n\t\t<\/section>\n\t\t\t\t<\/div>","protected":false},"excerpt":{"rendered":"<p>You are on the public page\u00a0of our international online collaborative hub on circular tourism. In this page you can find some news and information about&hellip;<\/p>","protected":false},"author":1,"featured_media":0,"parent":0,"menu_order":0,"comment_status":"closed","ping_status":"closed","template":"","meta":{"footnotes":""},"class_list":["post-1030","page","type-page","status-publish","hentry"],"_links":{"self":[{"href":"https:\/\/reconnecthub.eu\/sl\/wp-json\/wp\/v2\/pages\/1030","targetHints":{"allow":["GET"]}}],"collection":[{"href":"https:\/\/reconnecthub.eu\/sl\/wp-json\/wp\/v2\/pages"}],"about":[{"href":"https:\/\/reconnecthub.eu\/sl\/wp-json\/wp\/v2\/types\/page"}],"author":[{"embeddable":true,"href":"https:\/\/reconnecthub.eu\/sl\/wp-json\/wp\/v2\/users\/1"}],"replies":[{"embeddable":true,"href":"https:\/\/reconnecthub.eu\/sl\/wp-json\/wp\/v2\/comments?post=1030"}],"version-history":[{"count":37,"href":"https:\/\/reconnecthub.eu\/sl\/wp-json\/wp\/v2\/pages\/1030\/revisions"}],"predecessor-version":[{"id":1173,"href":"https:\/\/reconnecthub.eu\/sl\/wp-json\/wp\/v2\/pages\/1030\/revisions\/1173"}],"wp:attachment":[{"href":"https:\/\/reconnecthub.eu\/sl\/wp-json\/wp\/v2\/media?parent=1030"}],"curies":[{"name":"wp","href":"https:\/\/api.w.org\/{rel}","templated":true}]}}